{"id":539,"date":"2023-07-26T20:01:16","date_gmt":"2023-07-26T18:01:16","guid":{"rendered":"https:\/\/estimulopsicologia.com\/?page_id=539"},"modified":"2023-08-27T16:22:24","modified_gmt":"2023-08-27T14:22:24","slug":"quien-soy","status":"publish","type":"page","link":"https:\/\/estimulopsicologia.com\/index.php\/quien-soy\/","title":{"rendered":"\u00bfQui\u00e9n soy?"},"content":{"rendered":"\t\t<div data-elementor-type=\"wp-page\" data-elementor-id=\"539\" class=\"elementor elementor-539\">\n\t\t\t\t\t\t<section class=\"elementor-section elementor-inner-section elementor-element elementor-element-275fcceb elementor-section-full_width elementor-section-height-default elementor-section-height-default\" data-id=\"275fcceb\" data-element_type=\"section\" data-settings=\"{&quot;jet_parallax_layout_list&quot;:[{&quot;_id&quot;:&quot;329964b&quot;,&quot;jet_parallax_layout_image&quot;:{&quot;url&quot;:&quot;&quot;,&quot;id&quot;:&quot;&quot;,&quot;size&quot;:&quot;&quot;},&quot;jet_parallax_layout_image_tablet&quot;:{&quot;url&quot;:&quot;&quot;,&quot;id&quot;:&quot;&quot;,&quot;size&quot;:&quot;&quot;},&quot;jet_parallax_layout_image_mobile&quot;:{&quot;url&quot;:&quot;&quot;,&quot;id&quot;:&quot;&quot;,&quot;size&quot;:&quot;&quot;},&quot;jet_parallax_layout_speed&quot;:{&quot;unit&quot;:&quot;%&quot;,&quot;size&quot;:50,&quot;sizes&quot;:[]},&quot;jet_parallax_layout_type&quot;:&quot;scroll&quot;,&quot;jet_parallax_layout_direction&quot;:null,&quot;jet_parallax_layout_fx_direction&quot;:null,&quot;jet_parallax_layout_z_index&quot;:&quot;&quot;,&quot;jet_parallax_layout_bg_x&quot;:50,&quot;jet_parallax_layout_bg_x_tablet&quot;:&quot;&quot;,&quot;jet_parallax_layout_bg_x_mobile&quot;:&quot;&quot;,&quot;jet_parallax_layout_bg_y&quot;:50,&quot;jet_parallax_layout_bg_y_tablet&quot;:&quot;&quot;,&quot;jet_parallax_layout_bg_y_mobile&quot;:&quot;&quot;,&quot;jet_parallax_layout_bg_size&quot;:&quot;auto&quot;,&quot;jet_parallax_layout_bg_size_tablet&quot;:&quot;&quot;,&quot;jet_parallax_layout_bg_size_mobile&quot;:&quot;&quot;,&quot;jet_parallax_layout_animation_prop&quot;:&quot;transform&quot;,&quot;jet_parallax_layout_on&quot;:[&quot;desktop&quot;,&quot;tablet&quot;]}],&quot;background_background&quot;:&quot;gradient&quot;}\">\n\t\t\t\t\t\t<div class=\"elementor-container elementor-column-gap-extended\">\n\t\t\t\t\t<div class=\"elementor-column elementor-col-50 elementor-inner-column elementor-element elementor-element-5daf9204\" data-id=\"5daf9204\" data-element_type=\"column\">\n\t\t\t<div class=\"elementor-widget-wrap elementor-element-populated\">\n\t\t\t\t\t\t<div class=\"elementor-element elementor-element-1d8bb2ab elementor-invisible elementor-widget elementor-widget-raven-image\" data-id=\"1d8bb2ab\" data-element_type=\"widget\" data-settings=\"{&quot;_animation&quot;:&quot;slideInLeft&quot;}\" data-widget_type=\"raven-image.default\">\n\t\t\t\t<div class=\"elementor-widget-container\">\n\t\t\t\t\t<div class=\"raven-image\">\n\t\t\n\t\t\n\t\t<img fetchpriority=\"high\" decoding=\"async\" width=\"768\" height=\"768\" src=\"https:\/\/estimulopsicologia.com\/wp-content\/uploads\/2023\/04\/definitiva-768x768.jpg\" class=\"attachment-medium_large size-medium_large wp-image-380\" alt=\"\" srcset=\"https:\/\/estimulopsicologia.com\/wp-content\/uploads\/2023\/04\/definitiva-768x768.jpg 768w, https:\/\/estimulopsicologia.com\/wp-content\/uploads\/2023\/04\/elementor\/thumbs\/definitiva-q4m53b9wj9ztemwvmy1eg4za80l0au5txw2j1fb4jc.jpg 300w, https:\/\/estimulopsicologia.com\/wp-content\/uploads\/2023\/04\/definitiva-1024x1024.jpg 1024w, https:\/\/estimulopsicologia.com\/wp-content\/uploads\/2023\/04\/definitiva-150x150.jpg 150w, https:\/\/estimulopsicologia.com\/wp-content\/uploads\/2023\/04\/elementor\/thumbs\/definitiva-q4m53b9yyzkomn8cgrrqoao0ap09mcl9ph8vc89klk.jpg 500w, https:\/\/estimulopsicologia.com\/wp-content\/uploads\/2023\/04\/elementor\/thumbs\/definitiva-q4m53b9xr4s90n2m1uwkk7tn9csmyldjtonp6tsckg.jpg 400w, https:\/\/estimulopsicologia.com\/wp-content\/uploads\/2023\/04\/definitiva.jpg 1080w\" sizes=\"(max-width: 768px) 100vw, 768px\" \/>\t\t<\/div>\n\t\t\t\t<\/div>\n\t\t\t\t<\/div>\n\t\t\t\t\t<\/div>\n\t\t<\/div>\n\t\t\t\t<div class=\"elementor-column elementor-col-50 elementor-inner-column elementor-element elementor-element-45ad0b9b\" data-id=\"45ad0b9b\" data-element_type=\"column\">\n\t\t\t<div class=\"elementor-widget-wrap elementor-element-populated\">\n\t\t\t\t\t\t<div class=\"elementor-element elementor-element-30d76798 elementor-widget__width-initial elementor-align-center elementor-widget elementor-widget-raven-heading\" data-id=\"30d76798\" data-element_type=\"widget\" data-widget_type=\"raven-heading.default\">\n\t\t\t\t<div class=\"elementor-widget-container\">\n\t\t\t\t\t<div class=\"raven-widget-wrapper\"><h2 class=\"raven-heading raven-heading-h2\"><span class=\"raven-heading-title \"><b>\u00bfQui\u00e9n soy?\n<\/b><\/span><\/h2><\/div>\n\t\t\t\t<\/div>\n\t\t\t\t<\/div>\n\t\t\t\t<div class=\"elementor-element elementor-element-7117912f elementor-widget__width-initial elementor-widget elementor-widget-text-editor\" data-id=\"7117912f\" data-element_type=\"widget\" data-widget_type=\"text-editor.default\">\n\t\t\t\t<div class=\"elementor-widget-container\">\n\t\t\t<style>\/*! elementor - v3.21.0 - 08-05-2024 *\/\n.elementor-widget-text-editor.elementor-drop-cap-view-stacked .elementor-drop-cap{background-color:#69727d;color:#fff}.elementor-widget-text-editor.elementor-drop-cap-view-framed .elementor-drop-cap{color:#69727d;border:3px solid;background-color:transparent}.elementor-widget-text-editor:not(.elementor-drop-cap-view-default) .elementor-drop-cap{margin-top:8px}.elementor-widget-text-editor:not(.elementor-drop-cap-view-default) .elementor-drop-cap-letter{width:1em;height:1em}.elementor-widget-text-editor .elementor-drop-cap{float:left;text-align:center;line-height:1;font-size:50px}.elementor-widget-text-editor .elementor-drop-cap-letter{display:inline-block}<\/style>\t\t\t\t<p>Si mis amigas tuviesen que destacar alg\u00fan defecto m\u00edo ser\u00eda que soy olvidadizo y un poco despistado. Yo ni confirmo ni desmiento. Bueno s\u00ed, confirmo. Quiz\u00e1 pienses raro para un psic\u00f3logo presentarse con un defecto, pero es que amo este defecto porque tambi\u00e9n tiene la virtud de meternos en situaciones inesperadas y en muchas ocasiones divertidas. Terminan siendo divertidas, sobre todo, porque si hay una frase de internet que me representa esa es \u201cSin miedo al \u00e9xito.\u201d Y es que me considero un aventurero porque siempre elijo la opci\u00f3n novedosa y diferente cuando me enfrento a decisiones dif\u00edciles. Aunque, tambi\u00e9n me encanta recrearme en el costumbrismo y algo que contribuye a mi salud mental es relajarme en el sof\u00e1, comiendo snacks mientras veo series, pel\u00edculas o animes.<\/p>\t\t\t\t\t\t<\/div>\n\t\t\t\t<\/div>\n\t\t\t\t\t<\/div>\n\t\t<\/div>\n\t\t\t\t\t<\/div>\n\t\t<\/section>\n\t\t<div class=\"elementor-element elementor-element-af85446 e-flex e-con-boxed e-con e-parent\" data-id=\"af85446\" data-element_type=\"container\" data-settings=\"{&quot;jet_parallax_layout_list&quot;:[]}\">\n\t\t\t\t\t<div class=\"e-con-inner\">\n\t\t<div class=\"elementor-element elementor-element-dba967a e-con-full e-flex e-con e-child\" data-id=\"dba967a\" data-element_type=\"container\" data-settings=\"{&quot;jet_parallax_layout_list&quot;:[]}\">\n\t\t\t\t<div class=\"elementor-element elementor-element-0a7e509 elementor-widget elementor-widget-text-editor\" data-id=\"0a7e509\" data-element_type=\"widget\" data-widget_type=\"text-editor.default\">\n\t\t\t\t<div class=\"elementor-widget-container\">\n\t\t\t\t\t\t\t<p><b>\u00bfD\u00f3nde estudi\u00e9?<\/b><\/p>\t\t\t\t\t\t<\/div>\n\t\t\t\t<\/div>\n\t\t\t\t<div class=\"elementor-element elementor-element-4a384a2 elementor-widget elementor-widget-text-editor\" data-id=\"4a384a2\" data-element_type=\"widget\" data-widget_type=\"text-editor.default\">\n\t\t\t\t<div class=\"elementor-widget-container\">\n\t\t\t\t\t\t\t<p>Soy un apasionado de la psicolog\u00eda, sobre todo de los procesos de comunicaci\u00f3n y su impacto en la salud mental. Tras completar el grado en Psicolog\u00eda inici\u00e9 el m\u00e1ster en Psicolog\u00eda General Sanitaria en la Universidad Aut\u00f3noma de Madrid, d\u00f3nde me especialic\u00e9 como psic\u00f3logo sanitario.<\/p><p>Actualmente me encuentro finalizando mi tesis doctoral en la misma universidad, esto me ha permitido disfrutar de la oportunidad de obtener grandes aprendizajes y de ser parte del equipo docente. Dar clases es algo que disfruto profundamente porque me permite compartir mi amor por la psicolog\u00eda y ver como se desarrollan mis estudiantes. Persigo el objetivo de que mi investigaci\u00f3n sirva para mejorar las intervenciones de salud mental de las personas y continuar inspirando a futuros profesionales de la psicolog\u00eda.<\/p>\t\t\t\t\t\t<\/div>\n\t\t\t\t<\/div>\n\t\t\t\t<\/div>\n\t\t\t\t<div class=\"elementor-element elementor-element-0437f52 elementor-widget elementor-widget-image\" data-id=\"0437f52\" data-element_type=\"widget\" data-widget_type=\"image.default\">\n\t\t\t\t<div class=\"elementor-widget-container\">\n\t\t\t<style>\/*! elementor - v3.21.0 - 08-05-2024 *\/\n.elementor-widget-image{text-align:center}.elementor-widget-image a{display:inline-block}.elementor-widget-image a img[src$=\".svg\"]{width:48px}.elementor-widget-image img{vertical-align:middle;display:inline-block}<\/style>\t\t\t\t\t\t\t\t\t\t<img decoding=\"async\" width=\"738\" height=\"837\" src=\"https:\/\/estimulopsicologia.com\/wp-content\/uploads\/2023\/07\/PsicologiaUAM-2.jpg\" class=\"attachment-large size-large wp-image-630\" alt=\"\" srcset=\"https:\/\/estimulopsicologia.com\/wp-content\/uploads\/2023\/07\/PsicologiaUAM-2.jpg 738w, https:\/\/estimulopsicologia.com\/wp-content\/uploads\/2023\/07\/PsicologiaUAM-2-265x300.jpg 265w\" sizes=\"(max-width: 738px) 100vw, 738px\" \/>\t\t\t\t\t\t\t\t\t\t\t\t\t<\/div>\n\t\t\t\t<\/div>\n\t\t\t\t\t<\/div>\n\t\t\t\t<\/div>\n\t\t\t\t<\/div>\n\t\t","protected":false},"excerpt":{"rendered":"<p>\u00bfQui\u00e9n soy? Si mis amigas tuviesen que destacar alg\u00fan defecto m\u00edo ser\u00eda que soy olvidadizo y un poco despistado. Yo ni confirmo ni desmiento. Bueno s\u00ed, confirmo. Quiz\u00e1 pienses raro para un psic\u00f3logo presentarse con un defecto, pero es que amo este defecto porque tambi\u00e9n tiene la virtud de meternos en situaciones inesperadas y en [&hellip;]<\/p>\n","protected":false},"author":1,"featured_media":0,"parent":0,"menu_order":0,"comment_status":"closed","ping_status":"closed","template":"","meta":{"_acf_changed":false,"footnotes":""},"acf":[],"yoast_head":"<!-- This site is optimized with the Yoast SEO plugin v22.7 - https:\/\/yoast.com\/wordpress\/plugins\/seo\/ -->\n<title>\u00bfQui\u00e9n soy? - Estimulo Psicologia<\/title>\n<meta name=\"robots\" content=\"index, follow, max-snippet:-1, max-image-preview:large, max-video-preview:-1\" \/>\n<link rel=\"canonical\" href=\"https:\/\/estimulopsicologia.com\/index.php\/quien-soy\/\" \/>\n<meta property=\"og:locale\" content=\"es_ES\" \/>\n<meta property=\"og:type\" content=\"article\" \/>\n<meta property=\"og:title\" content=\"\u00bfQui\u00e9n soy? - Estimulo Psicologia\" \/>\n<meta property=\"og:description\" content=\"\u00bfQui\u00e9n soy? Si mis amigas tuviesen que destacar alg\u00fan defecto m\u00edo ser\u00eda que soy olvidadizo y un poco despistado. Yo ni confirmo ni desmiento. Bueno s\u00ed, confirmo. Quiz\u00e1 pienses raro para un psic\u00f3logo presentarse con un defecto, pero es que amo este defecto porque tambi\u00e9n tiene la virtud de meternos en situaciones inesperadas y en [&hellip;]\" \/>\n<meta property=\"og:url\" content=\"https:\/\/estimulopsicologia.com\/index.php\/quien-soy\/\" \/>\n<meta property=\"og:site_name\" content=\"Estimulo Psicologia\" \/>\n<meta property=\"article:modified_time\" content=\"2023-08-27T14:22:24+00:00\" \/>\n<meta property=\"og:image\" content=\"https:\/\/estimulopsicologia.com\/wp-content\/uploads\/2023\/04\/definitiva-768x768.jpg\" \/>\n<meta name=\"twitter:card\" content=\"summary_large_image\" \/>\n<meta name=\"twitter:site\" content=\"@EstiMamarracho\" \/>\n<meta name=\"twitter:label1\" content=\"Tiempo de lectura\" \/>\n\t<meta name=\"twitter:data1\" content=\"1 minuto\" \/>\n<script type=\"application\/ld+json\" class=\"yoast-schema-graph\">{\"@context\":\"https:\/\/schema.org\",\"@graph\":[{\"@type\":\"WebPage\",\"@id\":\"https:\/\/estimulopsicologia.com\/index.php\/quien-soy\/\",\"url\":\"https:\/\/estimulopsicologia.com\/index.php\/quien-soy\/\",\"name\":\"\u00bfQui\u00e9n soy? - Estimulo Psicologia\",\"isPartOf\":{\"@id\":\"https:\/\/estimulopsicologia.com\/#website\"},\"primaryImageOfPage\":{\"@id\":\"https:\/\/estimulopsicologia.com\/index.php\/quien-soy\/#primaryimage\"},\"image\":{\"@id\":\"https:\/\/estimulopsicologia.com\/index.php\/quien-soy\/#primaryimage\"},\"thumbnailUrl\":\"https:\/\/estimulopsicologia.com\/wp-content\/uploads\/2023\/04\/definitiva-768x768.jpg\",\"datePublished\":\"2023-07-26T18:01:16+00:00\",\"dateModified\":\"2023-08-27T14:22:24+00:00\",\"breadcrumb\":{\"@id\":\"https:\/\/estimulopsicologia.com\/index.php\/quien-soy\/#breadcrumb\"},\"inLanguage\":\"es\",\"potentialAction\":[{\"@type\":\"ReadAction\",\"target\":[\"https:\/\/estimulopsicologia.com\/index.php\/quien-soy\/\"]}]},{\"@type\":\"ImageObject\",\"inLanguage\":\"es\",\"@id\":\"https:\/\/estimulopsicologia.com\/index.php\/quien-soy\/#primaryimage\",\"url\":\"https:\/\/estimulopsicologia.com\/wp-content\/uploads\/2023\/04\/definitiva.jpg\",\"contentUrl\":\"https:\/\/estimulopsicologia.com\/wp-content\/uploads\/2023\/04\/definitiva.jpg\",\"width\":1080,\"height\":1080},{\"@type\":\"BreadcrumbList\",\"@id\":\"https:\/\/estimulopsicologia.com\/index.php\/quien-soy\/#breadcrumb\",\"itemListElement\":[{\"@type\":\"ListItem\",\"position\":1,\"name\":\"Portada\",\"item\":\"https:\/\/estimulopsicologia.com\/\"},{\"@type\":\"ListItem\",\"position\":2,\"name\":\"\u00bfQui\u00e9n soy?\"}]},{\"@type\":\"WebSite\",\"@id\":\"https:\/\/estimulopsicologia.com\/#website\",\"url\":\"https:\/\/estimulopsicologia.com\/\",\"name\":\"Estimulo Psicologia\",\"description\":\"\",\"publisher\":{\"@id\":\"https:\/\/estimulopsicologia.com\/#organization\"},\"potentialAction\":[{\"@type\":\"SearchAction\",\"target\":{\"@type\":\"EntryPoint\",\"urlTemplate\":\"https:\/\/estimulopsicologia.com\/?s={search_term_string}\"},\"query-input\":\"required name=search_term_string\"}],\"inLanguage\":\"es\"},{\"@type\":\"Organization\",\"@id\":\"https:\/\/estimulopsicologia.com\/#organization\",\"name\":\"Rafael Gil\",\"url\":\"https:\/\/estimulopsicologia.com\/\",\"logo\":{\"@type\":\"ImageObject\",\"inLanguage\":\"es\",\"@id\":\"https:\/\/estimulopsicologia.com\/#\/schema\/logo\/image\/\",\"url\":\"https:\/\/estimulopsicologia.com\/wp-content\/uploads\/2023\/08\/logo-verde.png\",\"contentUrl\":\"https:\/\/estimulopsicologia.com\/wp-content\/uploads\/2023\/08\/logo-verde.png\",\"width\":2325,\"height\":1848,\"caption\":\"Rafael Gil\"},\"image\":{\"@id\":\"https:\/\/estimulopsicologia.com\/#\/schema\/logo\/image\/\"},\"sameAs\":[\"https:\/\/x.com\/EstiMamarracho\",\"https:\/\/www.instagram.com\/estimulomamarracho\/?hl=es\",\"https:\/\/www.youtube.com\/channel\/UCA3Q8JNOYqaWOx7Snz9Y0Sg\"]}]}<\/script>\n<!-- \/ Yoast SEO plugin. -->","yoast_head_json":{"title":"\u00bfQui\u00e9n soy? - Estimulo Psicologia","robots":{"index":"index","follow":"follow","max-snippet":"max-snippet:-1","max-image-preview":"max-image-preview:large","max-video-preview":"max-video-preview:-1"},"canonical":"https:\/\/estimulopsicologia.com\/index.php\/quien-soy\/","og_locale":"es_ES","og_type":"article","og_title":"\u00bfQui\u00e9n soy? - Estimulo Psicologia","og_description":"\u00bfQui\u00e9n soy? Si mis amigas tuviesen que destacar alg\u00fan defecto m\u00edo ser\u00eda que soy olvidadizo y un poco despistado. Yo ni confirmo ni desmiento. Bueno s\u00ed, confirmo. Quiz\u00e1 pienses raro para un psic\u00f3logo presentarse con un defecto, pero es que amo este defecto porque tambi\u00e9n tiene la virtud de meternos en situaciones inesperadas y en [&hellip;]","og_url":"https:\/\/estimulopsicologia.com\/index.php\/quien-soy\/","og_site_name":"Estimulo Psicologia","article_modified_time":"2023-08-27T14:22:24+00:00","og_image":[{"url":"https:\/\/estimulopsicologia.com\/wp-content\/uploads\/2023\/04\/definitiva-768x768.jpg"}],"twitter_card":"summary_large_image","twitter_site":"@EstiMamarracho","twitter_misc":{"Tiempo de lectura":"1 minuto"},"schema":{"@context":"https:\/\/schema.org","@graph":[{"@type":"WebPage","@id":"https:\/\/estimulopsicologia.com\/index.php\/quien-soy\/","url":"https:\/\/estimulopsicologia.com\/index.php\/quien-soy\/","name":"\u00bfQui\u00e9n soy? - Estimulo Psicologia","isPartOf":{"@id":"https:\/\/estimulopsicologia.com\/#website"},"primaryImageOfPage":{"@id":"https:\/\/estimulopsicologia.com\/index.php\/quien-soy\/#primaryimage"},"image":{"@id":"https:\/\/estimulopsicologia.com\/index.php\/quien-soy\/#primaryimage"},"thumbnailUrl":"https:\/\/estimulopsicologia.com\/wp-content\/uploads\/2023\/04\/definitiva-768x768.jpg","datePublished":"2023-07-26T18:01:16+00:00","dateModified":"2023-08-27T14:22:24+00:00","breadcrumb":{"@id":"https:\/\/estimulopsicologia.com\/index.php\/quien-soy\/#breadcrumb"},"inLanguage":"es","potentialAction":[{"@type":"ReadAction","target":["https:\/\/estimulopsicologia.com\/index.php\/quien-soy\/"]}]},{"@type":"ImageObject","inLanguage":"es","@id":"https:\/\/estimulopsicologia.com\/index.php\/quien-soy\/#primaryimage","url":"https:\/\/estimulopsicologia.com\/wp-content\/uploads\/2023\/04\/definitiva.jpg","contentUrl":"https:\/\/estimulopsicologia.com\/wp-content\/uploads\/2023\/04\/definitiva.jpg","width":1080,"height":1080},{"@type":"BreadcrumbList","@id":"https:\/\/estimulopsicologia.com\/index.php\/quien-soy\/#breadcrumb","itemListElement":[{"@type":"ListItem","position":1,"name":"Portada","item":"https:\/\/estimulopsicologia.com\/"},{"@type":"ListItem","position":2,"name":"\u00bfQui\u00e9n soy?"}]},{"@type":"WebSite","@id":"https:\/\/estimulopsicologia.com\/#website","url":"https:\/\/estimulopsicologia.com\/","name":"Estimulo Psicologia","description":"","publisher":{"@id":"https:\/\/estimulopsicologia.com\/#organization"},"potentialAction":[{"@type":"SearchAction","target":{"@type":"EntryPoint","urlTemplate":"https:\/\/estimulopsicologia.com\/?s={search_term_string}"},"query-input":"required name=search_term_string"}],"inLanguage":"es"},{"@type":"Organization","@id":"https:\/\/estimulopsicologia.com\/#organization","name":"Rafael Gil","url":"https:\/\/estimulopsicologia.com\/","logo":{"@type":"ImageObject","inLanguage":"es","@id":"https:\/\/estimulopsicologia.com\/#\/schema\/logo\/image\/","url":"https:\/\/estimulopsicologia.com\/wp-content\/uploads\/2023\/08\/logo-verde.png","contentUrl":"https:\/\/estimulopsicologia.com\/wp-content\/uploads\/2023\/08\/logo-verde.png","width":2325,"height":1848,"caption":"Rafael Gil"},"image":{"@id":"https:\/\/estimulopsicologia.com\/#\/schema\/logo\/image\/"},"sameAs":["https:\/\/x.com\/EstiMamarracho","https:\/\/www.instagram.com\/estimulomamarracho\/?hl=es","https:\/\/www.youtube.com\/channel\/UCA3Q8JNOYqaWOx7Snz9Y0Sg"]}]}},"_links":{"self":[{"href":"https:\/\/estimulopsicologia.com\/index.php\/wp-json\/wp\/v2\/pages\/539"}],"collection":[{"href":"https:\/\/estimulopsicologia.com\/index.php\/wp-json\/wp\/v2\/pages"}],"about":[{"href":"https:\/\/estimulopsicologia.com\/index.php\/wp-json\/wp\/v2\/types\/page"}],"author":[{"embeddable":true,"href":"https:\/\/estimulopsicologia.com\/index.php\/wp-json\/wp\/v2\/users\/1"}],"replies":[{"embeddable":true,"href":"https:\/\/estimulopsicologia.com\/index.php\/wp-json\/wp\/v2\/comments?post=539"}],"version-history":[{"count":40,"href":"https:\/\/estimulopsicologia.com\/index.php\/wp-json\/wp\/v2\/pages\/539\/revisions"}],"predecessor-version":[{"id":1066,"href":"https:\/\/estimulopsicologia.com\/index.php\/wp-json\/wp\/v2\/pages\/539\/revisions\/1066"}],"wp:attachment":[{"href":"https:\/\/estimulopsicologia.com\/index.php\/wp-json\/wp\/v2\/media?parent=539"}],"curies":[{"name":"wp","href":"https:\/\/api.w.org\/{rel}","templated":true}]}}