{"id":538,"date":"2023-07-26T20:01:00","date_gmt":"2023-07-26T18:01:00","guid":{"rendered":"https:\/\/estimulopsicologia.com\/?page_id=538"},"modified":"2026-03-19T22:13:27","modified_gmt":"2026-03-19T21:13:27","slug":"tarifas","status":"publish","type":"page","link":"https:\/\/estimulopsicologia.com\/index.php\/tarifas\/","title":{"rendered":"Tarifas"},"content":{"rendered":"\t\t<div data-elementor-type=\"wp-page\" data-elementor-id=\"538\" class=\"elementor elementor-538\">\n\t\t\t\t<div class=\"elementor-element elementor-element-7015d37 e-flex e-con-boxed e-con e-parent\" data-id=\"7015d37\" data-element_type=\"container\" data-settings=\"{&quot;jet_parallax_layout_list&quot;:[]}\">\n\t\t\t\t\t<div class=\"e-con-inner\">\n\t\t<div class=\"elementor-element elementor-element-d43e0ef e-con-full e-flex e-con e-child\" data-id=\"d43e0ef\" data-element_type=\"container\" data-settings=\"{&quot;jet_parallax_layout_list&quot;:[]}\">\n\t\t\t\t<div class=\"elementor-element elementor-element-f26db53 elementor-widget elementor-widget-raven-pricing-table\" data-id=\"f26db53\" data-element_type=\"widget\" data-widget_type=\"raven-pricing-table.default\">\n\t\t\t\t<div class=\"elementor-widget-container\">\n\t\t\t\t\t<div class=\"raven-pricing-table\">\n\t\t\t\t\t<div class=\"raven-pricing-table__header\">\n\t\t\t\t\t<h3 class=\"raven-pricing-table__heading\">\t\t\tTerapia Individual Online\t\t\t<\/h3>\n\t\t\t\t\t\t\t<span class=\"raven-pricing-table__subheading\">\n\t\t\t\tSe proporcionar\u00e1 un enlace personal\t\t\t<\/span>\n\t\t\t\t<\/div>\n\t\t\t\t<div class=\"raven-pricing-table__price\">\n\t\t\t<span class=\"raven-pricing-table__currency\">&#128;<\/span>\t\t\t<span class=\"raven-pricing-table__integer-part\">\n\t\t\t\t60\t\t\t<\/span>\n\t\t\t<span class=\"raven-pricing-table__period raven-typo-excluded\">Por sesi\u00f3n<\/span>\t\t<\/div>\n\t\t\t\t\t<ul class=\"raven-pricing-table__features-list\">\n\t\t\t\t\t\t\t\t\t<li class=\"elementor-repeater-item-cc614ab\">\n\t\t\t\t\t\t<div class=\"raven-pricing-table__feature-inner\">\n\t\t\t\t\t\t\t<svg aria-hidden=\"true\" class=\"e-font-icon-svg e-far-check-circle\" viewBox=\"0 0 512 512\" xmlns=\"http:\/\/www.w3.org\/2000\/svg\"><path d=\"M256 8C119.033 8 8 119.033 8 256s111.033 248 248 248 248-111.033 248-248S392.967 8 256 8zm0 48c110.532 0 200 89.451 200 200 0 110.532-89.451 200-200 200-110.532 0-200-89.451-200-200 0-110.532 89.451-200 200-200m140.204 130.267l-22.536-22.718c-4.667-4.705-12.265-4.736-16.97-.068L215.346 303.697l-59.792-60.277c-4.667-4.705-12.265-4.736-16.97-.069l-22.719 22.536c-4.705 4.667-4.736 12.265-.068 16.971l90.781 91.516c4.667 4.705 12.265 4.736 16.97.068l172.589-171.204c4.704-4.668 4.734-12.266.067-16.971z\"><\/path><\/svg>\t\t\t\t\t\t\t\t<span >\n\t\t\t\t\t\t\t\t\tList Item #1\t\t\t\t\t\t\t\t<\/span>\n\t\t\t\t\t\t\t\t\t\t\t\t\t\t<\/div>\n\t\t\t\t\t<\/li>\n\t\t\t\t\t\t\t<\/ul>\n\t\t\t\t\t<div class=\"raven-pricing-table__footer\">\n\t\t\t\t\t\t\t<a class=\"raven-pricing-table__button raven-button raven-size-md\" href=\"https:\/\/estimulopsicologia.com\/index.php\/contact\/\">\n\t\t\t\t\tPIDE CITA\t\t\t\t<\/a>\n\t\t\t\n\t\t\t\t\t<\/div>\n\t\t\t\t<\/div>\n\t\t\t\t<\/div>\n\t\t\t\t<\/div>\n\t\t\t\t<\/div>\n\t\t<div class=\"elementor-element elementor-element-c1c9def e-con-full e-flex e-con e-child\" data-id=\"c1c9def\" data-element_type=\"container\" data-settings=\"{&quot;jet_parallax_layout_list&quot;:[]}\">\n\t\t\t\t<div class=\"elementor-element elementor-element-ca3042f elementor-widget elementor-widget-raven-pricing-table\" data-id=\"ca3042f\" data-element_type=\"widget\" data-widget_type=\"raven-pricing-table.default\">\n\t\t\t\t<div class=\"elementor-widget-container\">\n\t\t\t\t\t<div class=\"raven-pricing-table\">\n\t\t\t\t\t<div class=\"raven-pricing-table__header\">\n\t\t\t\t\t<h3 class=\"raven-pricing-table__heading\">\t\t\tTerapia Individual Presencial\t\t\t<\/h3>\n\t\t\t\t\t\t\t<span class=\"raven-pricing-table__subheading\">\n\t\t\t\tRivas Vaciamadrid\t\t\t<\/span>\n\t\t\t\t<\/div>\n\t\t\t\t<div class=\"raven-pricing-table__price\">\n\t\t\t<span class=\"raven-pricing-table__currency\">&#128;<\/span>\t\t\t<span class=\"raven-pricing-table__integer-part\">\n\t\t\t\t65\t\t\t<\/span>\n\t\t\t<span class=\"raven-pricing-table__period raven-typo-excluded\">Por sesi\u00f3n<\/span>\t\t<\/div>\n\t\t\t\t\t<ul class=\"raven-pricing-table__features-list\">\n\t\t\t\t\t\t\t\t\t<li class=\"elementor-repeater-item-cc614ab\">\n\t\t\t\t\t\t<div class=\"raven-pricing-table__feature-inner\">\n\t\t\t\t\t\t\t<svg aria-hidden=\"true\" class=\"e-font-icon-svg e-far-check-circle\" viewBox=\"0 0 512 512\" xmlns=\"http:\/\/www.w3.org\/2000\/svg\"><path d=\"M256 8C119.033 8 8 119.033 8 256s111.033 248 248 248 248-111.033 248-248S392.967 8 256 8zm0 48c110.532 0 200 89.451 200 200 0 110.532-89.451 200-200 200-110.532 0-200-89.451-200-200 0-110.532 89.451-200 200-200m140.204 130.267l-22.536-22.718c-4.667-4.705-12.265-4.736-16.97-.068L215.346 303.697l-59.792-60.277c-4.667-4.705-12.265-4.736-16.97-.069l-22.719 22.536c-4.705 4.667-4.736 12.265-.068 16.971l90.781 91.516c4.667 4.705 12.265 4.736 16.97.068l172.589-171.204c4.704-4.668 4.734-12.266.067-16.971z\"><\/path><\/svg>\t\t\t\t\t\t\t\t<span >\n\t\t\t\t\t\t\t\t\tList Item #1\t\t\t\t\t\t\t\t<\/span>\n\t\t\t\t\t\t\t\t\t\t\t\t\t\t<\/div>\n\t\t\t\t\t<\/li>\n\t\t\t\t\t\t\t<\/ul>\n\t\t\t\t\t<div class=\"raven-pricing-table__footer\">\n\t\t\t\t\t\t\t<a class=\"raven-pricing-table__button raven-button raven-size-md\" href=\"https:\/\/estimulopsicologia.com\/index.php\/contact\/\">\n\t\t\t\t\tPIDE CITA\t\t\t\t<\/a>\n\t\t\t\n\t\t\t\t\t<\/div>\n\t\t\t\t<\/div>\n\t\t\t\t<\/div>\n\t\t\t\t<\/div>\n\t\t\t\t<\/div>\n\t\t<div class=\"elementor-element elementor-element-1d99497 e-con-full e-flex e-con e-child\" data-id=\"1d99497\" data-element_type=\"container\" data-settings=\"{&quot;jet_parallax_layout_list&quot;:[]}\">\n\t\t\t\t<div class=\"elementor-element elementor-element-8e58501 elementor-widget elementor-widget-raven-pricing-table\" data-id=\"8e58501\" data-element_type=\"widget\" data-widget_type=\"raven-pricing-table.default\">\n\t\t\t\t<div class=\"elementor-widget-container\">\n\t\t\t\t\t<div class=\"raven-pricing-table\">\n\t\t\t\t\t<div class=\"raven-pricing-table__header\">\n\t\t\t\t\t<h3 class=\"raven-pricing-table__heading\">\t\t\tTerapia de Pareja\t\t\t<\/h3>\n\t\t\t\t\t\t\t<span class=\"raven-pricing-table__subheading\">\n\t\t\t\tSesiones de mayor duraci\u00f3n\t\t\t<\/span>\n\t\t\t\t<\/div>\n\t\t\t\t<div class=\"raven-pricing-table__price\">\n\t\t\t<span class=\"raven-pricing-table__currency\">&#128;<\/span>\t\t\t<span class=\"raven-pricing-table__integer-part\">\n\t\t\t\t70\t\t\t<\/span>\n\t\t\t<span class=\"raven-pricing-table__period raven-typo-excluded\">Por sesi\u00f3n<\/span>\t\t<\/div>\n\t\t\t\t\t<ul class=\"raven-pricing-table__features-list\">\n\t\t\t\t\t\t\t\t\t<li class=\"elementor-repeater-item-cc614ab\">\n\t\t\t\t\t\t<div class=\"raven-pricing-table__feature-inner\">\n\t\t\t\t\t\t\t<svg aria-hidden=\"true\" class=\"e-font-icon-svg e-far-check-circle\" viewBox=\"0 0 512 512\" xmlns=\"http:\/\/www.w3.org\/2000\/svg\"><path d=\"M256 8C119.033 8 8 119.033 8 256s111.033 248 248 248 248-111.033 248-248S392.967 8 256 8zm0 48c110.532 0 200 89.451 200 200 0 110.532-89.451 200-200 200-110.532 0-200-89.451-200-200 0-110.532 89.451-200 200-200m140.204 130.267l-22.536-22.718c-4.667-4.705-12.265-4.736-16.97-.068L215.346 303.697l-59.792-60.277c-4.667-4.705-12.265-4.736-16.97-.069l-22.719 22.536c-4.705 4.667-4.736 12.265-.068 16.971l90.781 91.516c4.667 4.705 12.265 4.736 16.97.068l172.589-171.204c4.704-4.668 4.734-12.266.067-16.971z\"><\/path><\/svg>\t\t\t\t\t\t\t\t<span >\n\t\t\t\t\t\t\t\t\tList Item #1\t\t\t\t\t\t\t\t<\/span>\n\t\t\t\t\t\t\t\t\t\t\t\t\t\t<\/div>\n\t\t\t\t\t<\/li>\n\t\t\t\t\t\t\t<\/ul>\n\t\t\t\t\t<div class=\"raven-pricing-table__footer\">\n\t\t\t\t\t\t\t<a class=\"raven-pricing-table__button raven-button raven-size-md\" href=\"https:\/\/estimulopsicologia.com\/index.php\/contact\/\">\n\t\t\t\t\tPIDE CITA\t\t\t\t<\/a>\n\t\t\t\n\t\t\t\t\t<\/div>\n\t\t\t\t<\/div>\n\t\t\t\t<\/div>\n\t\t\t\t<\/div>\n\t\t\t\t<\/div>\n\t\t\t\t\t<\/div>\n\t\t\t\t<\/div>\n\t\t<div class=\"elementor-element elementor-element-c072a70 e-flex e-con-boxed e-con e-parent\" data-id=\"c072a70\" data-element_type=\"container\" data-settings=\"{&quot;jet_parallax_layout_list&quot;:[]}\">\n\t\t\t\t\t<div class=\"e-con-inner\">\n\t\t\t\t<div class=\"elementor-element elementor-element-802118c elementor-widget elementor-widget-text-editor\" data-id=\"802118c\" data-element_type=\"widget\" data-widget_type=\"text-editor.default\">\n\t\t\t\t<div class=\"elementor-widget-container\">\n\t\t\t<style>\/*! elementor - v3.21.0 - 08-05-2024 *\/\n.elementor-widget-text-editor.elementor-drop-cap-view-stacked .elementor-drop-cap{background-color:#69727d;color:#fff}.elementor-widget-text-editor.elementor-drop-cap-view-framed .elementor-drop-cap{color:#69727d;border:3px solid;background-color:transparent}.elementor-widget-text-editor:not(.elementor-drop-cap-view-default) .elementor-drop-cap{margin-top:8px}.elementor-widget-text-editor:not(.elementor-drop-cap-view-default) .elementor-drop-cap-letter{width:1em;height:1em}.elementor-widget-text-editor .elementor-drop-cap{float:left;text-align:center;line-height:1;font-size:50px}.elementor-widget-text-editor .elementor-drop-cap-letter{display:inline-block}<\/style>\t\t\t\t<h5 style=\"text-align: center;\"><strong>CONDICIONES GENERALES<\/strong><\/h5><div>\u00a0<\/div><div><b>Duraci\u00f3n de las sesiones<\/b><\/div><p>La duraci\u00f3n de las sesiones es de 50 minutos, pero siempre se reserva la hora completa. Reservar la hora entera permite tener 10 minutos de margen por si hay alguna demora o la sesi\u00f3n requiere m\u00e1s tiempo. Adem\u00e1s, despu\u00e9s de la sesi\u00f3n tendremos 10 minutos para hacer un repaso de la misma o aclarar cualquier duda que pueda surgir.\u00a0<br \/><br \/><b>Pago de las sesiones<\/b><br \/>El pago se ha de realizar a trav\u00e9s de Bizum al +34 630204544 el d\u00eda de la sesi\u00f3n.<br \/>Para residentes fuera de Espa\u00f1a el pago se podr\u00e1 realizar a trav\u00e9s de Paypal.<\/p><p><br \/><b>Modificaci\u00f3n de fecha o cancelaci\u00f3n de una sesi\u00f3n<\/b><br \/>Para cancelar o modificar una sesi\u00f3n es imprescindible que me avises a esta misma direcci\u00f3n de correo con 24 horas de antelaci\u00f3n. En caso de cancelar una sesi\u00f3n con menos de 24 horas de antelaci\u00f3n se cobrar\u00e1 el 50% de la misma.<\/p>\t\t\t\t\t\t<\/div>\n\t\t\t\t<\/div>\n\t\t\t\t\t<\/div>\n\t\t\t\t<\/div>\n\t\t\t\t<\/div>\n\t\t","protected":false},"excerpt":{"rendered":"<p>Terapia Individual Online Se proporcionar\u00e1 un enlace personal &#8364; 60 Por sesi\u00f3n List Item #1 PIDE CITA Terapia Individual Presencial Rivas Vaciamadrid &#8364; 65 Por sesi\u00f3n List Item #1 PIDE CITA Terapia de Pareja Sesiones de mayor duraci\u00f3n &#8364; 70 Por sesi\u00f3n List Item #1 PIDE CITA CONDICIONES GENERALES \u00a0Duraci\u00f3n de las sesiones La duraci\u00f3n [&hellip;]<\/p>\n","protected":false},"author":1,"featured_media":0,"parent":0,"menu_order":0,"comment_status":"closed","ping_status":"closed","template":"","meta":{"_acf_changed":false,"footnotes":""},"acf":[],"yoast_head":"<!-- This site is optimized with the Yoast SEO plugin v22.7 - https:\/\/yoast.com\/wordpress\/plugins\/seo\/ -->\n<title>Tarifas - Estimulo Psicologia<\/title>\n<meta name=\"robots\" content=\"index, follow, max-snippet:-1, max-image-preview:large, max-video-preview:-1\" \/>\n<link rel=\"canonical\" href=\"https:\/\/estimulopsicologia.com\/index.php\/tarifas\/\" \/>\n<meta property=\"og:locale\" content=\"es_ES\" \/>\n<meta property=\"og:type\" content=\"article\" \/>\n<meta property=\"og:title\" content=\"Tarifas - Estimulo Psicologia\" \/>\n<meta property=\"og:description\" content=\"Terapia Individual Online Se proporcionar\u00e1 un enlace personal &#8364; 60 Por sesi\u00f3n List Item #1 PIDE CITA Terapia Individual Presencial Rivas Vaciamadrid &#8364; 65 Por sesi\u00f3n List Item #1 PIDE CITA Terapia de Pareja Sesiones de mayor duraci\u00f3n &#8364; 70 Por sesi\u00f3n List Item #1 PIDE CITA CONDICIONES GENERALES \u00a0Duraci\u00f3n de las sesiones La duraci\u00f3n [&hellip;]\" \/>\n<meta property=\"og:url\" content=\"https:\/\/estimulopsicologia.com\/index.php\/tarifas\/\" \/>\n<meta property=\"og:site_name\" content=\"Estimulo Psicologia\" \/>\n<meta property=\"article:modified_time\" content=\"2026-03-19T21:13:27+00:00\" \/>\n<meta name=\"twitter:card\" content=\"summary_large_image\" \/>\n<meta name=\"twitter:site\" content=\"@EstiMamarracho\" \/>\n<meta name=\"twitter:label1\" content=\"Tiempo de lectura\" \/>\n\t<meta name=\"twitter:data1\" content=\"1 minuto\" \/>\n<script type=\"application\/ld+json\" class=\"yoast-schema-graph\">{\"@context\":\"https:\/\/schema.org\",\"@graph\":[{\"@type\":\"WebPage\",\"@id\":\"https:\/\/estimulopsicologia.com\/index.php\/tarifas\/\",\"url\":\"https:\/\/estimulopsicologia.com\/index.php\/tarifas\/\",\"name\":\"Tarifas - Estimulo Psicologia\",\"isPartOf\":{\"@id\":\"https:\/\/estimulopsicologia.com\/#website\"},\"datePublished\":\"2023-07-26T18:01:00+00:00\",\"dateModified\":\"2026-03-19T21:13:27+00:00\",\"breadcrumb\":{\"@id\":\"https:\/\/estimulopsicologia.com\/index.php\/tarifas\/#breadcrumb\"},\"inLanguage\":\"es\",\"potentialAction\":[{\"@type\":\"ReadAction\",\"target\":[\"https:\/\/estimulopsicologia.com\/index.php\/tarifas\/\"]}]},{\"@type\":\"BreadcrumbList\",\"@id\":\"https:\/\/estimulopsicologia.com\/index.php\/tarifas\/#breadcrumb\",\"itemListElement\":[{\"@type\":\"ListItem\",\"position\":1,\"name\":\"Portada\",\"item\":\"https:\/\/estimulopsicologia.com\/\"},{\"@type\":\"ListItem\",\"position\":2,\"name\":\"Tarifas\"}]},{\"@type\":\"WebSite\",\"@id\":\"https:\/\/estimulopsicologia.com\/#website\",\"url\":\"https:\/\/estimulopsicologia.com\/\",\"name\":\"Estimulo Psicologia\",\"description\":\"\",\"publisher\":{\"@id\":\"https:\/\/estimulopsicologia.com\/#organization\"},\"potentialAction\":[{\"@type\":\"SearchAction\",\"target\":{\"@type\":\"EntryPoint\",\"urlTemplate\":\"https:\/\/estimulopsicologia.com\/?s={search_term_string}\"},\"query-input\":\"required name=search_term_string\"}],\"inLanguage\":\"es\"},{\"@type\":\"Organization\",\"@id\":\"https:\/\/estimulopsicologia.com\/#organization\",\"name\":\"Rafael Gil\",\"url\":\"https:\/\/estimulopsicologia.com\/\",\"logo\":{\"@type\":\"ImageObject\",\"inLanguage\":\"es\",\"@id\":\"https:\/\/estimulopsicologia.com\/#\/schema\/logo\/image\/\",\"url\":\"https:\/\/estimulopsicologia.com\/wp-content\/uploads\/2023\/08\/logo-verde.png\",\"contentUrl\":\"https:\/\/estimulopsicologia.com\/wp-content\/uploads\/2023\/08\/logo-verde.png\",\"width\":2325,\"height\":1848,\"caption\":\"Rafael Gil\"},\"image\":{\"@id\":\"https:\/\/estimulopsicologia.com\/#\/schema\/logo\/image\/\"},\"sameAs\":[\"https:\/\/x.com\/EstiMamarracho\",\"https:\/\/www.instagram.com\/estimulomamarracho\/?hl=es\",\"https:\/\/www.youtube.com\/channel\/UCA3Q8JNOYqaWOx7Snz9Y0Sg\"]}]}<\/script>\n<!-- \/ Yoast SEO plugin. -->","yoast_head_json":{"title":"Tarifas - Estimulo Psicologia","robots":{"index":"index","follow":"follow","max-snippet":"max-snippet:-1","max-image-preview":"max-image-preview:large","max-video-preview":"max-video-preview:-1"},"canonical":"https:\/\/estimulopsicologia.com\/index.php\/tarifas\/","og_locale":"es_ES","og_type":"article","og_title":"Tarifas - Estimulo Psicologia","og_description":"Terapia Individual Online Se proporcionar\u00e1 un enlace personal &#8364; 60 Por sesi\u00f3n List Item #1 PIDE CITA Terapia Individual Presencial Rivas Vaciamadrid &#8364; 65 Por sesi\u00f3n List Item #1 PIDE CITA Terapia de Pareja Sesiones de mayor duraci\u00f3n &#8364; 70 Por sesi\u00f3n List Item #1 PIDE CITA CONDICIONES GENERALES \u00a0Duraci\u00f3n de las sesiones La duraci\u00f3n [&hellip;]","og_url":"https:\/\/estimulopsicologia.com\/index.php\/tarifas\/","og_site_name":"Estimulo Psicologia","article_modified_time":"2026-03-19T21:13:27+00:00","twitter_card":"summary_large_image","twitter_site":"@EstiMamarracho","twitter_misc":{"Tiempo de lectura":"1 minuto"},"schema":{"@context":"https:\/\/schema.org","@graph":[{"@type":"WebPage","@id":"https:\/\/estimulopsicologia.com\/index.php\/tarifas\/","url":"https:\/\/estimulopsicologia.com\/index.php\/tarifas\/","name":"Tarifas - Estimulo Psicologia","isPartOf":{"@id":"https:\/\/estimulopsicologia.com\/#website"},"datePublished":"2023-07-26T18:01:00+00:00","dateModified":"2026-03-19T21:13:27+00:00","breadcrumb":{"@id":"https:\/\/estimulopsicologia.com\/index.php\/tarifas\/#breadcrumb"},"inLanguage":"es","potentialAction":[{"@type":"ReadAction","target":["https:\/\/estimulopsicologia.com\/index.php\/tarifas\/"]}]},{"@type":"BreadcrumbList","@id":"https:\/\/estimulopsicologia.com\/index.php\/tarifas\/#breadcrumb","itemListElement":[{"@type":"ListItem","position":1,"name":"Portada","item":"https:\/\/estimulopsicologia.com\/"},{"@type":"ListItem","position":2,"name":"Tarifas"}]},{"@type":"WebSite","@id":"https:\/\/estimulopsicologia.com\/#website","url":"https:\/\/estimulopsicologia.com\/","name":"Estimulo Psicologia","description":"","publisher":{"@id":"https:\/\/estimulopsicologia.com\/#organization"},"potentialAction":[{"@type":"SearchAction","target":{"@type":"EntryPoint","urlTemplate":"https:\/\/estimulopsicologia.com\/?s={search_term_string}"},"query-input":"required name=search_term_string"}],"inLanguage":"es"},{"@type":"Organization","@id":"https:\/\/estimulopsicologia.com\/#organization","name":"Rafael Gil","url":"https:\/\/estimulopsicologia.com\/","logo":{"@type":"ImageObject","inLanguage":"es","@id":"https:\/\/estimulopsicologia.com\/#\/schema\/logo\/image\/","url":"https:\/\/estimulopsicologia.com\/wp-content\/uploads\/2023\/08\/logo-verde.png","contentUrl":"https:\/\/estimulopsicologia.com\/wp-content\/uploads\/2023\/08\/logo-verde.png","width":2325,"height":1848,"caption":"Rafael Gil"},"image":{"@id":"https:\/\/estimulopsicologia.com\/#\/schema\/logo\/image\/"},"sameAs":["https:\/\/x.com\/EstiMamarracho","https:\/\/www.instagram.com\/estimulomamarracho\/?hl=es","https:\/\/www.youtube.com\/channel\/UCA3Q8JNOYqaWOx7Snz9Y0Sg"]}]}},"_links":{"self":[{"href":"https:\/\/estimulopsicologia.com\/index.php\/wp-json\/wp\/v2\/pages\/538"}],"collection":[{"href":"https:\/\/estimulopsicologia.com\/index.php\/wp-json\/wp\/v2\/pages"}],"about":[{"href":"https:\/\/estimulopsicologia.com\/index.php\/wp-json\/wp\/v2\/types\/page"}],"author":[{"embeddable":true,"href":"https:\/\/estimulopsicologia.com\/index.php\/wp-json\/wp\/v2\/users\/1"}],"replies":[{"embeddable":true,"href":"https:\/\/estimulopsicologia.com\/index.php\/wp-json\/wp\/v2\/comments?post=538"}],"version-history":[{"count":28,"href":"https:\/\/estimulopsicologia.com\/index.php\/wp-json\/wp\/v2\/pages\/538\/revisions"}],"predecessor-version":[{"id":1279,"href":"https:\/\/estimulopsicologia.com\/index.php\/wp-json\/wp\/v2\/pages\/538\/revisions\/1279"}],"wp:attachment":[{"href":"https:\/\/estimulopsicologia.com\/index.php\/wp-json\/wp\/v2\/media?parent=538"}],"curies":[{"name":"wp","href":"https:\/\/api.w.org\/{rel}","templated":true}]}}