{"id":1015,"date":"2023-08-24T19:09:15","date_gmt":"2023-08-24T17:09:15","guid":{"rendered":"https:\/\/estimulopsicologia.com\/?page_id=1015"},"modified":"2023-08-24T20:27:02","modified_gmt":"2023-08-24T18:27:02","slug":"medios","status":"publish","type":"page","link":"https:\/\/estimulopsicologia.com\/index.php\/medios\/","title":{"rendered":"Medios"},"content":{"rendered":"\t\t<div data-elementor-type=\"wp-page\" data-elementor-id=\"1015\" class=\"elementor elementor-1015\">\n\t\t\t\t<div class=\"elementor-element elementor-element-d69f824 e-flex e-con-boxed e-con e-parent\" data-id=\"d69f824\" data-element_type=\"container\" data-settings=\"{&quot;jet_parallax_layout_list&quot;:[]}\">\n\t\t\t\t\t<div class=\"e-con-inner\">\n\t\t<div class=\"elementor-element elementor-element-04372e0 e-con-full e-flex e-con e-parent\" data-id=\"04372e0\" data-element_type=\"container\" data-settings=\"{&quot;jet_parallax_layout_list&quot;:[]}\">\n\t\t\t\t<div class=\"elementor-element elementor-element-36c256d elementor-widget elementor-widget-image\" data-id=\"36c256d\" data-element_type=\"widget\" data-widget_type=\"image.default\">\n\t\t\t\t<div class=\"elementor-widget-container\">\n\t\t\t<style>\/*! elementor - v3.21.0 - 08-05-2024 *\/\n.elementor-widget-image{text-align:center}.elementor-widget-image a{display:inline-block}.elementor-widget-image a img[src$=\".svg\"]{width:48px}.elementor-widget-image img{vertical-align:middle;display:inline-block}<\/style>\t\t\t\t\t\t\t\t\t\t<img decoding=\"async\" src=\"https:\/\/th.bing.com\/th\/id\/OIP.FIhox9VJJxAtZlimp4OiTwAAAA?pid=ImgDet&#038;rs=1\" title=\"\" alt=\"\" loading=\"lazy\" \/>\t\t\t\t\t\t\t\t\t\t\t\t\t<\/div>\n\t\t\t\t<\/div>\n\t\t\t\t<\/div>\n\t\t<div class=\"elementor-element elementor-element-9d00e2c e-con-full e-flex e-con e-parent\" data-id=\"9d00e2c\" data-element_type=\"container\" data-settings=\"{&quot;jet_parallax_layout_list&quot;:[]}\">\n\t\t<div class=\"elementor-element elementor-element-b0bc198 e-flex e-con-boxed e-con e-parent\" data-id=\"b0bc198\" data-element_type=\"container\" data-settings=\"{&quot;jet_parallax_layout_list&quot;:[]}\">\n\t\t\t\t\t<div class=\"e-con-inner\">\n\t\t\t\t<div class=\"elementor-element elementor-element-423fdcd elementor-widget elementor-widget-heading\" data-id=\"423fdcd\" data-element_type=\"widget\" data-widget_type=\"heading.default\">\n\t\t\t\t<div class=\"elementor-widget-container\">\n\t\t\t<style>\/*! elementor - v3.21.0 - 08-05-2024 *\/\n.elementor-heading-title{padding:0;margin:0;line-height:1}.elementor-widget-heading .elementor-heading-title[class*=elementor-size-]>a{color:inherit;font-size:inherit;line-height:inherit}.elementor-widget-heading .elementor-heading-title.elementor-size-small{font-size:15px}.elementor-widget-heading .elementor-heading-title.elementor-size-medium{font-size:19px}.elementor-widget-heading .elementor-heading-title.elementor-size-large{font-size:29px}.elementor-widget-heading .elementor-heading-title.elementor-size-xl{font-size:39px}.elementor-widget-heading .elementor-heading-title.elementor-size-xxl{font-size:59px}<\/style><h3 class=\"elementor-heading-title elementor-size-default\">Rupturas en la historia - Podcast Carne Cruda<\/h3>\t\t<\/div>\n\t\t\t\t<\/div>\n\t\t\t\t\t<\/div>\n\t\t\t\t<\/div>\n\t\t<div class=\"elementor-element elementor-element-50da462 e-flex e-con-boxed e-con e-parent\" data-id=\"50da462\" data-element_type=\"container\" data-settings=\"{&quot;jet_parallax_layout_list&quot;:[]}\">\n\t\t\t\t\t<div class=\"e-con-inner\">\n\t\t\t\t<div class=\"elementor-element elementor-element-7b79271 elementor-widget elementor-widget-text-editor\" data-id=\"7b79271\" data-element_type=\"widget\" data-widget_type=\"text-editor.default\">\n\t\t\t\t<div class=\"elementor-widget-container\">\n\t\t\t<style>\/*! elementor - v3.21.0 - 08-05-2024 *\/\n.elementor-widget-text-editor.elementor-drop-cap-view-stacked .elementor-drop-cap{background-color:#69727d;color:#fff}.elementor-widget-text-editor.elementor-drop-cap-view-framed .elementor-drop-cap{color:#69727d;border:3px solid;background-color:transparent}.elementor-widget-text-editor:not(.elementor-drop-cap-view-default) .elementor-drop-cap{margin-top:8px}.elementor-widget-text-editor:not(.elementor-drop-cap-view-default) .elementor-drop-cap-letter{width:1em;height:1em}.elementor-widget-text-editor .elementor-drop-cap{float:left;text-align:center;line-height:1;font-size:50px}.elementor-widget-text-editor .elementor-drop-cap-letter{display:inline-block}<\/style>\t\t\t\t<p><span style=\"font-weight: 400;\">Crushes del pasado, rupturas \u00e9picas, poliamor de otro siglo y relaciones que rompieron la norma\u2026 Todo esto y m\u00e1s comentado junto a Puto Mikel.<\/span><\/p>\t\t\t\t\t\t<\/div>\n\t\t\t\t<\/div>\n\t\t\t\t\t<\/div>\n\t\t\t\t<\/div>\n\t\t<div class=\"elementor-element elementor-element-63d6831 e-flex e-con-boxed e-con e-parent\" data-id=\"63d6831\" data-element_type=\"container\" data-settings=\"{&quot;jet_parallax_layout_list&quot;:[]}\">\n\t\t\t\t\t<div class=\"e-con-inner\">\n\t\t\t\t<div class=\"elementor-element elementor-element-b9521db elementor-widget elementor-widget-html\" data-id=\"b9521db\" data-element_type=\"widget\" data-widget_type=\"html.default\">\n\t\t\t\t<div class=\"elementor-widget-container\">\n\t\t\t<iframe style=\"border-radius:12px\" src=\"https:\/\/open.spotify.com\/embed\/episode\/52WXYrr87gWASJ5y7OEsfu?utm_source=generator&theme=0\" width=\"100%\" height=142\" frameBorder=\"0\" allowfullscreen=\"\" allow=\"autoplay; clipboard-write; encrypted-media; fullscreen; picture-in-picture\" loading=\"lazy\"><\/iframe>\t\t<\/div>\n\t\t\t\t<\/div>\n\t\t\t\t\t<\/div>\n\t\t\t\t<\/div>\n\t\t\t\t<\/div>\n\t\t\t\t\t<\/div>\n\t\t\t\t<\/div>\n\t\t<div class=\"elementor-element elementor-element-b8fe38d e-flex e-con-boxed e-con e-parent\" data-id=\"b8fe38d\" data-element_type=\"container\" data-settings=\"{&quot;jet_parallax_layout_list&quot;:[]}\">\n\t\t\t\t\t<div class=\"e-con-inner\">\n\t\t<div class=\"elementor-element elementor-element-4526f5d e-con-full e-flex e-con e-parent\" data-id=\"4526f5d\" data-element_type=\"container\" data-settings=\"{&quot;jet_parallax_layout_list&quot;:[]}\">\n\t\t\t\t<div class=\"elementor-element elementor-element-67c48e9 elementor-widget elementor-widget-heading\" data-id=\"67c48e9\" data-element_type=\"widget\" data-widget_type=\"heading.default\">\n\t\t\t\t<div class=\"elementor-widget-container\">\n\t\t\t<h3 class=\"elementor-heading-title elementor-size-default\">Mercantilizaci\u00f3n de la Salud Mental - Gen PlayZ<\/h3>\t\t<\/div>\n\t\t\t\t<\/div>\n\t\t\t\t<div class=\"elementor-element elementor-element-124b6c6 elementor-widget elementor-widget-text-editor\" data-id=\"124b6c6\" data-element_type=\"widget\" data-widget_type=\"text-editor.default\">\n\t\t\t\t<div class=\"elementor-widget-container\">\n\t\t\t\t\t\t\t<p><span style=\"font-weight: 400;\">Mientras la inversi\u00f3n p\u00fablica en salud mental sigue siendo insuficiente y las tarifas de la privada, un lujo para la mayor\u00eda, otros la mercantilizan.<\/span><\/p>\t\t\t\t\t\t<\/div>\n\t\t\t\t<\/div>\n\t\t\t\t<\/div>\n\t\t<div class=\"elementor-element elementor-element-c2c6524 e-con-full e-flex e-con e-parent\" data-id=\"c2c6524\" data-element_type=\"container\" data-settings=\"{&quot;jet_parallax_layout_list&quot;:[]}\">\n\t\t\t\t<div class=\"elementor-element elementor-element-68134a2 elementor-widget elementor-widget-image\" data-id=\"68134a2\" data-element_type=\"widget\" data-widget_type=\"image.default\">\n\t\t\t\t<div class=\"elementor-widget-container\">\n\t\t\t\t\t\t\t\t\t\t\t\t\t<img decoding=\"async\" src=\"https:\/\/img2.rtve.es\/p\/132018\/?imgProgApi=imgBackground\" title=\"\" alt=\"\" loading=\"lazy\" \/>\t\t\t\t\t\t\t\t\t\t\t\t\t<\/div>\n\t\t\t\t<\/div>\n\t\t\t\t<\/div>\n\t\t\t\t\t<\/div>\n\t\t\t\t<\/div>\n\t\t\t\t<\/div>\n\t\t","protected":false},"excerpt":{"rendered":"<p>Rupturas en la historia &#8211; Podcast Carne Cruda Crushes del pasado, rupturas \u00e9picas, poliamor de otro siglo y relaciones que rompieron la norma\u2026 Todo esto y m\u00e1s comentado junto a Puto Mikel.<\/p>\n","protected":false},"author":1,"featured_media":0,"parent":0,"menu_order":0,"comment_status":"closed","ping_status":"closed","template":"","meta":{"_acf_changed":false,"footnotes":""},"acf":[],"yoast_head":"<!-- This site is optimized with the Yoast SEO plugin v22.7 - https:\/\/yoast.com\/wordpress\/plugins\/seo\/ -->\n<title>Medios - Estimulo Psicologia<\/title>\n<meta name=\"robots\" content=\"index, follow, max-snippet:-1, max-image-preview:large, max-video-preview:-1\" \/>\n<link rel=\"canonical\" href=\"https:\/\/estimulopsicologia.com\/index.php\/medios\/\" \/>\n<meta property=\"og:locale\" content=\"es_ES\" \/>\n<meta property=\"og:type\" content=\"article\" \/>\n<meta property=\"og:title\" content=\"Medios - Estimulo Psicologia\" \/>\n<meta property=\"og:description\" content=\"Rupturas en la historia &#8211; Podcast Carne Cruda Crushes del pasado, rupturas \u00e9picas, poliamor de otro siglo y relaciones que rompieron la norma\u2026 Todo esto y m\u00e1s comentado junto a Puto Mikel.\" \/>\n<meta property=\"og:url\" content=\"https:\/\/estimulopsicologia.com\/index.php\/medios\/\" \/>\n<meta property=\"og:site_name\" content=\"Estimulo Psicologia\" \/>\n<meta property=\"article:modified_time\" content=\"2023-08-24T18:27:02+00:00\" \/>\n<meta property=\"og:image\" content=\"https:\/\/th.bing.com\/th\/id\/OIP.FIhox9VJJxAtZlimp4OiTwAAAA?pid=ImgDet&amp;rs=1\" \/>\n<meta name=\"twitter:card\" content=\"summary_large_image\" \/>\n<meta name=\"twitter:site\" content=\"@EstiMamarracho\" \/>\n<script type=\"application\/ld+json\" class=\"yoast-schema-graph\">{\"@context\":\"https:\/\/schema.org\",\"@graph\":[{\"@type\":\"WebPage\",\"@id\":\"https:\/\/estimulopsicologia.com\/index.php\/medios\/\",\"url\":\"https:\/\/estimulopsicologia.com\/index.php\/medios\/\",\"name\":\"Medios - Estimulo Psicologia\",\"isPartOf\":{\"@id\":\"https:\/\/estimulopsicologia.com\/#website\"},\"primaryImageOfPage\":{\"@id\":\"https:\/\/estimulopsicologia.com\/index.php\/medios\/#primaryimage\"},\"image\":{\"@id\":\"https:\/\/estimulopsicologia.com\/index.php\/medios\/#primaryimage\"},\"thumbnailUrl\":\"https:\/\/th.bing.com\/th\/id\/OIP.FIhox9VJJxAtZlimp4OiTwAAAA?pid=ImgDet&amp;rs=1\",\"datePublished\":\"2023-08-24T17:09:15+00:00\",\"dateModified\":\"2023-08-24T18:27:02+00:00\",\"breadcrumb\":{\"@id\":\"https:\/\/estimulopsicologia.com\/index.php\/medios\/#breadcrumb\"},\"inLanguage\":\"es\",\"potentialAction\":[{\"@type\":\"ReadAction\",\"target\":[\"https:\/\/estimulopsicologia.com\/index.php\/medios\/\"]}]},{\"@type\":\"ImageObject\",\"inLanguage\":\"es\",\"@id\":\"https:\/\/estimulopsicologia.com\/index.php\/medios\/#primaryimage\",\"url\":\"https:\/\/th.bing.com\/th\/id\/OIP.FIhox9VJJxAtZlimp4OiTwAAAA?pid=ImgDet&amp;rs=1\",\"contentUrl\":\"https:\/\/th.bing.com\/th\/id\/OIP.FIhox9VJJxAtZlimp4OiTwAAAA?pid=ImgDet&amp;rs=1\"},{\"@type\":\"BreadcrumbList\",\"@id\":\"https:\/\/estimulopsicologia.com\/index.php\/medios\/#breadcrumb\",\"itemListElement\":[{\"@type\":\"ListItem\",\"position\":1,\"name\":\"Portada\",\"item\":\"https:\/\/estimulopsicologia.com\/\"},{\"@type\":\"ListItem\",\"position\":2,\"name\":\"Medios\"}]},{\"@type\":\"WebSite\",\"@id\":\"https:\/\/estimulopsicologia.com\/#website\",\"url\":\"https:\/\/estimulopsicologia.com\/\",\"name\":\"Estimulo Psicologia\",\"description\":\"\",\"publisher\":{\"@id\":\"https:\/\/estimulopsicologia.com\/#organization\"},\"potentialAction\":[{\"@type\":\"SearchAction\",\"target\":{\"@type\":\"EntryPoint\",\"urlTemplate\":\"https:\/\/estimulopsicologia.com\/?s={search_term_string}\"},\"query-input\":\"required name=search_term_string\"}],\"inLanguage\":\"es\"},{\"@type\":\"Organization\",\"@id\":\"https:\/\/estimulopsicologia.com\/#organization\",\"name\":\"Rafael Gil\",\"url\":\"https:\/\/estimulopsicologia.com\/\",\"logo\":{\"@type\":\"ImageObject\",\"inLanguage\":\"es\",\"@id\":\"https:\/\/estimulopsicologia.com\/#\/schema\/logo\/image\/\",\"url\":\"https:\/\/estimulopsicologia.com\/wp-content\/uploads\/2023\/08\/logo-verde.png\",\"contentUrl\":\"https:\/\/estimulopsicologia.com\/wp-content\/uploads\/2023\/08\/logo-verde.png\",\"width\":2325,\"height\":1848,\"caption\":\"Rafael Gil\"},\"image\":{\"@id\":\"https:\/\/estimulopsicologia.com\/#\/schema\/logo\/image\/\"},\"sameAs\":[\"https:\/\/x.com\/EstiMamarracho\",\"https:\/\/www.instagram.com\/estimulomamarracho\/?hl=es\",\"https:\/\/www.youtube.com\/channel\/UCA3Q8JNOYqaWOx7Snz9Y0Sg\"]}]}<\/script>\n<!-- \/ Yoast SEO plugin. -->","yoast_head_json":{"title":"Medios - Estimulo Psicologia","robots":{"index":"index","follow":"follow","max-snippet":"max-snippet:-1","max-image-preview":"max-image-preview:large","max-video-preview":"max-video-preview:-1"},"canonical":"https:\/\/estimulopsicologia.com\/index.php\/medios\/","og_locale":"es_ES","og_type":"article","og_title":"Medios - Estimulo Psicologia","og_description":"Rupturas en la historia &#8211; Podcast Carne Cruda Crushes del pasado, rupturas \u00e9picas, poliamor de otro siglo y relaciones que rompieron la norma\u2026 Todo esto y m\u00e1s comentado junto a Puto Mikel.","og_url":"https:\/\/estimulopsicologia.com\/index.php\/medios\/","og_site_name":"Estimulo Psicologia","article_modified_time":"2023-08-24T18:27:02+00:00","og_image":[{"url":"https:\/\/th.bing.com\/th\/id\/OIP.FIhox9VJJxAtZlimp4OiTwAAAA?pid=ImgDet&amp;rs=1"}],"twitter_card":"summary_large_image","twitter_site":"@EstiMamarracho","schema":{"@context":"https:\/\/schema.org","@graph":[{"@type":"WebPage","@id":"https:\/\/estimulopsicologia.com\/index.php\/medios\/","url":"https:\/\/estimulopsicologia.com\/index.php\/medios\/","name":"Medios - Estimulo Psicologia","isPartOf":{"@id":"https:\/\/estimulopsicologia.com\/#website"},"primaryImageOfPage":{"@id":"https:\/\/estimulopsicologia.com\/index.php\/medios\/#primaryimage"},"image":{"@id":"https:\/\/estimulopsicologia.com\/index.php\/medios\/#primaryimage"},"thumbnailUrl":"https:\/\/th.bing.com\/th\/id\/OIP.FIhox9VJJxAtZlimp4OiTwAAAA?pid=ImgDet&amp;rs=1","datePublished":"2023-08-24T17:09:15+00:00","dateModified":"2023-08-24T18:27:02+00:00","breadcrumb":{"@id":"https:\/\/estimulopsicologia.com\/index.php\/medios\/#breadcrumb"},"inLanguage":"es","potentialAction":[{"@type":"ReadAction","target":["https:\/\/estimulopsicologia.com\/index.php\/medios\/"]}]},{"@type":"ImageObject","inLanguage":"es","@id":"https:\/\/estimulopsicologia.com\/index.php\/medios\/#primaryimage","url":"https:\/\/th.bing.com\/th\/id\/OIP.FIhox9VJJxAtZlimp4OiTwAAAA?pid=ImgDet&amp;rs=1","contentUrl":"https:\/\/th.bing.com\/th\/id\/OIP.FIhox9VJJxAtZlimp4OiTwAAAA?pid=ImgDet&amp;rs=1"},{"@type":"BreadcrumbList","@id":"https:\/\/estimulopsicologia.com\/index.php\/medios\/#breadcrumb","itemListElement":[{"@type":"ListItem","position":1,"name":"Portada","item":"https:\/\/estimulopsicologia.com\/"},{"@type":"ListItem","position":2,"name":"Medios"}]},{"@type":"WebSite","@id":"https:\/\/estimulopsicologia.com\/#website","url":"https:\/\/estimulopsicologia.com\/","name":"Estimulo Psicologia","description":"","publisher":{"@id":"https:\/\/estimulopsicologia.com\/#organization"},"potentialAction":[{"@type":"SearchAction","target":{"@type":"EntryPoint","urlTemplate":"https:\/\/estimulopsicologia.com\/?s={search_term_string}"},"query-input":"required name=search_term_string"}],"inLanguage":"es"},{"@type":"Organization","@id":"https:\/\/estimulopsicologia.com\/#organization","name":"Rafael Gil","url":"https:\/\/estimulopsicologia.com\/","logo":{"@type":"ImageObject","inLanguage":"es","@id":"https:\/\/estimulopsicologia.com\/#\/schema\/logo\/image\/","url":"https:\/\/estimulopsicologia.com\/wp-content\/uploads\/2023\/08\/logo-verde.png","contentUrl":"https:\/\/estimulopsicologia.com\/wp-content\/uploads\/2023\/08\/logo-verde.png","width":2325,"height":1848,"caption":"Rafael Gil"},"image":{"@id":"https:\/\/estimulopsicologia.com\/#\/schema\/logo\/image\/"},"sameAs":["https:\/\/x.com\/EstiMamarracho","https:\/\/www.instagram.com\/estimulomamarracho\/?hl=es","https:\/\/www.youtube.com\/channel\/UCA3Q8JNOYqaWOx7Snz9Y0Sg"]}]}},"_links":{"self":[{"href":"https:\/\/estimulopsicologia.com\/index.php\/wp-json\/wp\/v2\/pages\/1015"}],"collection":[{"href":"https:\/\/estimulopsicologia.com\/index.php\/wp-json\/wp\/v2\/pages"}],"about":[{"href":"https:\/\/estimulopsicologia.com\/index.php\/wp-json\/wp\/v2\/types\/page"}],"author":[{"embeddable":true,"href":"https:\/\/estimulopsicologia.com\/index.php\/wp-json\/wp\/v2\/users\/1"}],"replies":[{"embeddable":true,"href":"https:\/\/estimulopsicologia.com\/index.php\/wp-json\/wp\/v2\/comments?post=1015"}],"version-history":[{"count":20,"href":"https:\/\/estimulopsicologia.com\/index.php\/wp-json\/wp\/v2\/pages\/1015\/revisions"}],"predecessor-version":[{"id":1050,"href":"https:\/\/estimulopsicologia.com\/index.php\/wp-json\/wp\/v2\/pages\/1015\/revisions\/1050"}],"wp:attachment":[{"href":"https:\/\/estimulopsicologia.com\/index.php\/wp-json\/wp\/v2\/media?parent=1015"}],"curies":[{"name":"wp","href":"https:\/\/api.w.org\/{rel}","templated":true}]}}